{"id":674,"date":"2022-12-30T08:52:12","date_gmt":"2022-12-30T08:52:12","guid":{"rendered":"https:\/\/fixuhierontapalvelut.fi\/?post_type=product&#038;p=674"},"modified":"2025-09-03T05:04:27","modified_gmt":"2025-09-03T05:04:27","slug":"purentalihasten-hieronta","status":"publish","type":"product","link":"https:\/\/fixuhierontapalvelut.fi\/?product=purentalihasten-hieronta","title":{"rendered":"Purentalihasten hieronta"},"content":{"rendered":"<p>Purentalihasten hieronta helpottaa leukojen, niskan, kaulan ja p\u00e4\u00e4n kiputiloja. Hieronta soveltuu erinomaisesti muunmuassa narskuttelun, purentalihasten j\u00e4nnitt\u00e4misen ja muiden purentalihasten toimintah\u00e4iri\u00f6iden hoitoon.<\/p>\n<p>Hieronnassa keskityt\u00e4\u00e4n niskan, kaulan ja purentalihaksien hierontaan. K\u00e4ymme l\u00e4pi kasvojen lihaksistoa sek\u00e4 lihaksistoa suun sis\u00e4puolelta. Ensimm\u00e4isell\u00e4 kerralla k\u00e4yt\u00e4mme aikaa haastatteluun ja testaamiseen noin 15minuuttia.<\/p>\n","protected":false},"excerpt":{"rendered":"<p style=\"text-align: left;\">Purentalihasten hieronta helpottaa leukojen, niskan, kaulan ja p\u00e4\u00e4n kiputiloja.<\/p>\n","protected":false},"featured_media":265,"template":"","meta":[],"product_cat":[54],"product_tag":[],"class_list":{"0":"post-674","1":"product","2":"type-product","3":"status-publish","4":"has-post-thumbnail","6":"product_cat-purentalihasten-hieronta","8":"first","9":"instock","10":"taxable","11":"shipping-taxable","12":"purchasable","13":"product-type-variable","14":"has-default-attributes"},"aioseo_notices":[],"_links":{"self":[{"href":"https:\/\/fixuhierontapalvelut.fi\/index.php?rest_route=\/wp\/v2\/product\/674","targetHints":{"allow":["GET"]}}],"collection":[{"href":"https:\/\/fixuhierontapalvelut.fi\/index.php?rest_route=\/wp\/v2\/product"}],"about":[{"href":"https:\/\/fixuhierontapalvelut.fi\/index.php?rest_route=\/wp\/v2\/types\/product"}],"wp:featuredmedia":[{"embeddable":true,"href":"https:\/\/fixuhierontapalvelut.fi\/index.php?rest_route=\/wp\/v2\/media\/265"}],"wp:attachment":[{"href":"https:\/\/fixuhierontapalvelut.fi\/index.php?rest_route=%2Fwp%2Fv2%2Fmedia&parent=674"}],"wp:term":[{"taxonomy":"product_cat","embeddable":true,"href":"https:\/\/fixuhierontapalvelut.fi\/index.php?rest_route=%2Fwp%2Fv2%2Fproduct_cat&post=674"},{"taxonomy":"product_tag","embeddable":true,"href":"https:\/\/fixuhierontapalvelut.fi\/index.php?rest_route=%2Fwp%2Fv2%2Fproduct_tag&post=674"}],"curies":[{"name":"wp","href":"https:\/\/api.w.org\/{rel}","templated":true}]}}