{"id":423,"date":"2021-08-25T07:07:57","date_gmt":"2021-08-25T07:07:57","guid":{"rendered":"https:\/\/fixuhierontapalvelut.fi\/?post_type=product&#038;p=423"},"modified":"2025-09-03T05:03:14","modified_gmt":"2025-09-03T05:03:14","slug":"klassinen-urheiluhieronta","status":"publish","type":"product","link":"https:\/\/fixuhierontapalvelut.fi\/?product=klassinen-urheiluhieronta","title":{"rendered":"Klassinen\/Urheiluhieronta"},"content":{"rendered":"<p>Hieronnan vaikutukset kehoon ja lihaksistoon ovat moninaiset, \u201cp\u00e4hkin\u00e4nkuoressa\u201d t\u00e4rkeimm\u00e4t hieronnan vaikutukset ovat t\u00e4ss\u00e4: hieronta edist\u00e4\u00e4 lihaksen aineenvaihduntaa ja verenkiertoa, t\u00e4ll\u00f6in lihas poistaa kuona-aineita tehokkaammin, v\u00e4hent\u00e4\u00e4 turvotusta ja pysyy elastisena, ei vammaudu eik\u00e4 kipeydy yht\u00e4 herk\u00e4sti.<\/p>\n<p>Hieronta venytt\u00e4\u00e4 my\u00f6s lihaskalvoja jotka ovat yksi suurimmista asentovirheiden aiheuttajista. Hieronta lis\u00e4\u00e4 l\u00e4mp\u00f6\u00e4 lihakseen, vapauttaa endorfiineja ja n\u00e4in ollen rentouttaa kokonaisvaltaisesti. Valitsemme hoidon klassisen -ja urheiluhieronnan v\u00e4lill\u00e4 asiakkaan toiveiden mukaisesti vaikkeivat hieronnat juurikaan poikkea toisistaan.<\/p>\n<p>Nykyaikaiset ty\u00f6vaatimukset sek\u00e4 p\u00e4\u00e4tety\u00f6skentely kuormittavat kehoa \u201cv\u00e4\u00e4r\u00e4ll\u00e4\u201d tavalla ja hieronta edesauttaa ty\u00f6kyvyn yll\u00e4pit\u00e4mist\u00e4. Hieronnan lis\u00e4ksi saat hyv\u00e4t neuvot oikeiden lihasten vahvistamiseksi jotta ryhtikin oikenee. Hyv\u00e4 urheiluhieroja tiet\u00e4\u00e4 lajikohtaiset ongelmat ja hierontaa voidaan tehd\u00e4 osa-alueittain.<\/p>\n<p>Olitpa joko urheilija taikka liikunnanharrastaja, hieronta on t\u00e4rke\u00e4 osa vammojen ennaltaehk\u00e4isyss\u00e4, suorituksesta palautumisessa sek\u00e4 suorituskyvyn nostamisessa uudelle tasolle.<\/p>\n","protected":false},"excerpt":{"rendered":"<p style=\"text-align: left;\">Klassinen- tai urheiluhieronta toiveittesi mukaan.<\/p>\n","protected":false},"featured_media":86,"template":"","meta":[],"product_cat":[38],"product_tag":[],"class_list":{"0":"post-423","1":"product","2":"type-product","3":"status-publish","4":"has-post-thumbnail","6":"product_cat-klassinen-urheiluhieronta","8":"first","9":"instock","10":"taxable","11":"shipping-taxable","12":"purchasable","13":"product-type-variable","14":"has-default-attributes"},"aioseo_notices":[],"_links":{"self":[{"href":"https:\/\/fixuhierontapalvelut.fi\/index.php?rest_route=\/wp\/v2\/product\/423","targetHints":{"allow":["GET"]}}],"collection":[{"href":"https:\/\/fixuhierontapalvelut.fi\/index.php?rest_route=\/wp\/v2\/product"}],"about":[{"href":"https:\/\/fixuhierontapalvelut.fi\/index.php?rest_route=\/wp\/v2\/types\/product"}],"wp:featuredmedia":[{"embeddable":true,"href":"https:\/\/fixuhierontapalvelut.fi\/index.php?rest_route=\/wp\/v2\/media\/86"}],"wp:attachment":[{"href":"https:\/\/fixuhierontapalvelut.fi\/index.php?rest_route=%2Fwp%2Fv2%2Fmedia&parent=423"}],"wp:term":[{"taxonomy":"product_cat","embeddable":true,"href":"https:\/\/fixuhierontapalvelut.fi\/index.php?rest_route=%2Fwp%2Fv2%2Fproduct_cat&post=423"},{"taxonomy":"product_tag","embeddable":true,"href":"https:\/\/fixuhierontapalvelut.fi\/index.php?rest_route=%2Fwp%2Fv2%2Fproduct_tag&post=423"}],"curies":[{"name":"wp","href":"https:\/\/api.w.org\/{rel}","templated":true}]}}